{"id":22,"date":"2018-09-25T09:31:31","date_gmt":"2018-09-25T09:31:31","guid":{"rendered":"https:\/\/template.creators-bundle.com\/?page_id=22"},"modified":"2024-03-12T11:31:50","modified_gmt":"2024-03-12T10:31:50","slug":"datenschutz","status":"publish","type":"page","link":"https:\/\/vivakirche-meilen.creators-bundle.cloud\/ru\/datenschutz\/","title":{"rendered":"\u0417\u0430\u0449\u0438\u0442\u0430 \u0434\u0430\u043d\u043d\u044b\u0445"},"content":{"rendered":"<h1>\n\t\t\u041f\u043e\u043b\u0438\u0442\u0438\u043a\u0430 \u043a\u043e\u043d\u0444\u0438\u0434\u0435\u043d\u0446\u0438\u0430\u043b\u044c\u043d\u043e\u0441\u0442\u0438\n\t<\/h1>\n\t<h3>Worum geht es?<\/h3>\n<p>Wir beschaffen in unserer Organisation diverse Personendaten. Hier informieren wir Sie wie im Datenschutzgesetz vorgeschrieben.<\/p>\n<h3>Wer sind wir? (Verantwortlichkeiten)<\/h3>\nViva Kirche Meilen<br \/>\nPfannenstielstrasse 1<br \/>\n8706 Meilen<br \/>\nSchweiz\n<p>E-Mail: <a href=\"mailto:info@vivakirche-xyz.ch\">info@vivakirche-meilen.ch<\/a><\/p>\n<p>Die Viva Kirche Meilen und ihre Website ist Teil der Viva Kirche Schweiz<\/p>\n\u0426\u0435\u0440\u043a\u043e\u0432\u044c Viva \u0428\u0432\u0435\u0439\u0446\u0430\u0440\u0438\u044f<br \/>\nHauentalstrasse 138, 8200 Schaffhausen<br \/>\ndatenschutz@vivakirche.ch\n<p>(Im Folgenden: \u00abWir\u00bb) ist als Betreiber dieser Website \u00a0Verantwortliche f\u00fcr die Personendaten der Nutzer (Im Folgenden: \u00abSie\u00bb) der Website im Sinne des DSG.<\/p>\n<h3>Welche Personendaten beschaffen wir?<\/h3>\n<p>Neben den Angaben, die Sie selbst uns mitteilen (durch das, was Sie uns sagen, geben und was Sie bei uns tun), kann es sein, dass wir auch bei Dritten Angaben \u00fcber Sie beschaffen, n\u00e4mlich:<\/p>\n&#8211;\u00a0\u00a0\u00a0\u00a0\u00a0\u00a0 Ihr Name, Ihr Einsatzgebiet und Ihr Anliegen (Dank \/ Bitte) und damit zusammenh\u00e4ngende Informationen, wie uns von Freunden oder Drittpersonen, die sich um Sie sorgen, mitgeteilt und von uns entsprechend in unsere Gebets- und Spenderlisten und Rundbriefe aufgenommen<br \/>\n&#8211;\u00a0\u00a0\u00a0\u00a0\u00a0\u00a0 Ihre Bankangaben, falls wir Spenden \u00fcberweisen sollen<br \/>\n&#8211;\u00a0\u00a0\u00a0\u00a0\u00a0\u00a0 Bildmaterial (Foto\/Video), welches wir von einem Fotografen eines Firmen-\/Kirchenevents oder sonst Dritten erhalten.<br \/>\n&#8211;\u00a0\u00a0\u00a0\u00a0\u00a0\u00a0 Ihre Social-Media\/Online-Aktivit\u00e4ten<br \/>\n&#8211;\u00a0\u00a0\u00a0\u00a0\u00a0\u00a0 Publikationen, in denen Sie vorkommen\n<h3>Gehen Personendaten ins Ausland?<\/h3>\n<p>Ja, das ist m\u00f6glich, in den EWR aber auch in jedes Land der Welt. Ist das ein Land ohne gen\u00fcgenden Datenschutz, schliessen wir insb. Die EU-Standardvertragsklauseln ab, k\u00f6nnen uns aber fallweise auch auf Einwilligungen abst\u00fctzen oder Daten ins Ausland geben, weil es f\u00fcr die Abwicklung eines Vertrags mit Ihnen oder in Ihrem Interesse notwendig ist (z.B. das Sammeln von Spenden oder Gebete f\u00fcr Sie im Ausland).<\/p>\n<h3>Wozu beschaffen wir Personendaten?<\/h3>\n<p>Wir tun das f\u00fcr folgende Zwecke (nebst denen, die wir Ihnen separat mitteilen):<\/p>\n&#8211;\u00a0\u00a0\u00a0\u00a0\u00a0\u00a0 Kommunikation mit Ihnen<br \/>\n&#8211;\u00a0\u00a0\u00a0\u00a0\u00a0\u00a0 Gebete (Rundbriefe, Gebetslisten)<br \/>\n&#8211;\u00a0\u00a0\u00a0\u00a0\u00a0\u00a0 Marketing (Fundraising, Printmedien, Rundbriefe, Brosch\u00fcren)<br \/>\n&#8211;\u00a0\u00a0\u00a0\u00a0\u00a0\u00a0 Newsletter<br \/>\n&#8211;\u00a0\u00a0\u00a0\u00a0\u00a0\u00a0 Verdankungen f\u00fcr Ihre Arbeit \/ Mithilfe<br \/>\n&#8211;\u00a0\u00a0\u00a0\u00a0\u00a0\u00a0 Vertragsabschluss\/-abwicklung mit Ihnen, inklusive Bewerbungen<br \/>\n&#8211;\u00a0\u00a0\u00a0\u00a0\u00a0\u00a0 Betrieb der Infrastruktur, Website<br \/>\n&#8211;\u00a0\u00a0\u00a0\u00a0\u00a0\u00a0 Marktanalysen (im Bereich Kernaufgaben: Pionierarbeit, Gemeindeaufbau, Gemeindef\u00f6rderung, Sozialdiakonische Aufgaben, Training, J\u00fcngerschaft, Humanit\u00e4re Arbeits-\/Nothilfe\/Entwicklungszusammenarbeit; im Bereich Personal: Kurzzeiter vs. Langzeiter; Spenden; Rechtsform)<br \/>\n&#8211;\u00a0\u00a0\u00a0\u00a0\u00a0\u00a0 Schulung, Weiterbildung<br \/>\n&#8211;\u00a0\u00a0\u00a0\u00a0\u00a0\u00a0 Einhaltung gesetzlicher Pflichten\n<h3>Wem geben wir Personendaten bekannt?<\/h3>\n&#8211;\u00a0\u00a0\u00a0\u00a0\u00a0\u00a0 Gesch\u00e4ftspartnern (Werke, Kirchen und weitere Personen im In-\/Ausland, mit denen wir zusammenarbeiten)<br \/>\n&#8211;\u00a0\u00a0\u00a0\u00a0\u00a0\u00a0 Dienstleister (z.B. IT- und Cloud-Provider, Banken, Versicherungen, Transport und Versandunternehmen)<br \/>\n&#8211;\u00a0\u00a0\u00a0\u00a0\u00a0\u00a0 Verteiler der Gebets-\/Spenderlisten<br \/>\n&#8211;\u00a0\u00a0\u00a0\u00a0\u00a0\u00a0 Beh\u00f6rden (insbesondere, wo wir dazu verpflichtet sind)<br \/>\n&#8211;\u00a0\u00a0\u00a0\u00a0\u00a0\u00a0 Dritte, die via Website Daten \u00fcber Sie erheben respektive diese einsehen k\u00f6nnen. Dazu geh\u00f6ren Google Webfonts, Google Maps, reCaptcha, YouTube, Akismet\n<h3>Ihre Rechte?<\/h3>\n<p>Sie haben grunds\u00e4tzlich das Recht, Auskunft \u00fcber Ihre von uns verarbeiteten Personendaten zu verlangen. Insbesondere k\u00f6nnen Sie<\/p>\n&#8211;\u00a0\u00a0\u00a0\u00a0\u00a0\u00a0 Auskunft \u00fcber die Personendaten als solche,<br \/>\n&#8211;\u00a0\u00a0\u00a0\u00a0\u00a0\u00a0 Den Bearbeitungszweck,<br \/>\n&#8211;\u00a0\u00a0\u00a0\u00a0\u00a0\u00a0 die Aufbewahrungsdauer oder, falls dies nicht m\u00f6glich ist, die Kriterien zur Festlegung dieser Dauer,<br \/>\n&#8211;\u00a0\u00a0\u00a0\u00a0\u00a0\u00a0 die Herkunft Ihrer Daten, sofern diese nicht bei Ihnen erhoben wurden,<br \/>\n&#8211;\u00a0\u00a0\u00a0\u00a0\u00a0\u00a0 gegebenenfalls \u00fcber das Vorliegen einer automatisierten Einzelentscheidung,<br \/>\n&#8211;\u00a0\u00a0\u00a0\u00a0\u00a0\u00a0 gegebenenfalls \u00fcber die Empf\u00e4nger oder die Kategorien von Empf\u00e4ngern, denen ihre Personendaten bekanntgegeben werden,\n<p>verlangen.<\/p>\n<p>Weiter haben Sie grunds\u00e4tzlich das Recht<\/p>\n&#8211;\u00a0\u00a0\u00a0\u00a0\u00a0\u00a0 Eine allenfalls erteilte Einwilligung zur Nutzung Ihrer Personendaten zu widerrufen<br \/>\n&#8211;\u00a0\u00a0\u00a0\u00a0\u00a0\u00a0 Ihre von uns gespeicherten Personendaten korrigieren zu lassen<br \/>\n&#8211;\u00a0\u00a0\u00a0\u00a0\u00a0\u00a0 Ihre von uns gespeicherten Personendaten l\u00f6schen zu lassen oder sonst unserer Bearbeitung zu widersprechen\n<p>Diese Rechte k\u00f6nnen bzw. m\u00fcssen wir je nach den Umst\u00e4nden so wie gesetzlich vorgesehen einschr\u00e4nken, z.B. zum Schutz Dritter oder wo wir zu Aufbewahrung gesetzlich verpflichtet sind (bei Daten zu Spender\/innen betr\u00e4gt die Aufbewahrungsfrist in der Regel 10 Jahre).<\/p>\n<p>Sie k\u00f6nnen Ihre genannten Rechte bei uns geltend machen \u00fcber die Kontaktdaten dieser Website oder \u00fcber die Datenschutzstelle des Verbandes der Viva Kirche Schweiz: datenschutz@vivakirche.ch.<\/p>\n<p>&nbsp;<\/p>","protected":false},"excerpt":{"rendered":"<p>Datenschutzerkl\u00e4rung Worum geht es? Wir beschaffen in unserer Organisation diverse Personendaten. Hier informieren wir Sie wie im Datenschutzgesetz vorgeschrieben. Wer sind wir? (Verantwortlichkeiten) E-Mail: Die und ihre Website ist Teil der Viva Kirche Schweiz Viva Kirche Schweiz Hauentalstrasse 138, 8200 Schaffhausen datenschutz@vivakirche.ch (Im Folgenden: \u00abWir\u00bb) ist als Betreiber dieser Website \u00a0Verantwortliche f\u00fcr die Personendaten der&hellip;<\/p>","protected":false},"author":1,"featured_media":0,"parent":0,"menu_order":0,"comment_status":"closed","ping_status":"closed","template":"","meta":{"_acf_changed":false,"footnotes":""},"class_list":["post-22","page","type-page","status-publish","hentry"],"acf":[],"sermons_blog_filters_topics":"\t\t\t\t<div class=\"sm-filtering\">\n\t\t\t\t\t<div id=\"wpfc_sermon_sorting\" class=\"no-spacing\">\n\t\t\t\t\t\t\t\t\t\t\t\t\t\n\t\t\t\t\t<div class=\"sortTopics\" style=\"display: inline-block\">\n\t\t\t\t<form action=\"https:\/\/vivakirche-meilen.creators-bundle.cloud\/ru\/wp-json\/wp\/v2\/pages\/22\/\" method=\"get\">\n\t\t\t\t\t<select name=\"wpfc_sermon_topics\"\n\t\t\t\t\t\t\ttitle=\"Topic\"\n\t\t\t\t\t\t\tid=\"wpfc_sermon_topics\"\n\t\t\t\t\t\t\tonchange=\"if(this.options[this.selectedIndex].value !== ''){return this.form.submit()}else{window.location = window.location.href.split('?')[0];}\"\n\t\t\t\t\t\t\tautocomplete=\"off\"\n\t\t\t\t\t\t>\n\t\t\t\t\t\t<option value=\"\">Topic<\/option>\n\t\t\t\t\t\t\t\t\t\t\t<\/select>\n\t\t\t\t\t\t\t\t\t\t\t\t\t\t\t\t\t\t\t\t\t\t\t\t\t<noscript>\n\t\t\t\t\t\t<div><input type=\"submit\" value=\"Submit\"\/><\/div>\n\t\t\t\t\t<\/noscript>\n\t\t\t\t<\/form>\n\t\t\t<\/div>\n\t\t\t\t\t\t\t\t\t\t\t\t\t\t\t\t\t\t<\/div>\n\t\t\t\t<\/div>\n\t\t\t\t","sermons_blog_filters_series":"\t\t\t\t<div class=\"sm-filtering\">\n\t\t\t\t\t<div id=\"wpfc_sermon_sorting\" class=\"no-spacing\">\n\t\t\t\t\t\t\t\t\n\t\t\t\t\t<div class=\"sortSeries\" style=\"display: inline-block\">\n\t\t\t\t<form action=\"https:\/\/vivakirche-meilen.creators-bundle.cloud\/ru\/wp-json\/wp\/v2\/pages\/22\/\" method=\"get\">\n\t\t\t\t\t<select name=\"wpfc_sermon_series\"\n\t\t\t\t\t\t\ttitle=\"Series\"\n\t\t\t\t\t\t\tid=\"wpfc_sermon_series\"\n\t\t\t\t\t\t\tonchange=\"if(this.options[this.selectedIndex].value !== ''){return this.form.submit()}else{window.location = window.location.href.split('?')[0];}\"\n\t\t\t\t\t\t\tautocomplete=\"off\"\n\t\t\t\t\t\t>\n\t\t\t\t\t\t<option value=\"\">Series<\/option>\n\t\t\t\t\t\t<option value=\"leben-in-freiheit\" >Leben in Freiheit<\/option><option value=\"himmel-und-erde\" >Himmel und Erde<\/option>\t\t\t\t\t<\/select>\n\t\t\t\t\t\t\t\t\t\t\t\t\t\t\t\t\t\t\t\t\t\t\t\t\t<noscript>\n\t\t\t\t\t\t<div><input type=\"submit\" value=\"Submit\"\/><\/div>\n\t\t\t\t\t<\/noscript>\n\t\t\t\t<\/form>\n\t\t\t<\/div>\n\t\t\t\t\t\t\t\t\t\t\t\t\t\t\t\t\t\t\t\t\t\t\t<\/div>\n\t\t\t\t<\/div>\n\t\t\t\t","sermons_blog_filters_preachers":"\t\t\t\t<div class=\"sm-filtering\">\n\t\t\t\t\t<div id=\"wpfc_sermon_sorting\" class=\"no-spacing\">\n\t\t\t\n\t\t\t\t\t<div class=\"sortPreacher\" style=\"display: inline-block\">\n\t\t\t\t<form action=\"https:\/\/vivakirche-meilen.creators-bundle.cloud\/ru\/wp-json\/wp\/v2\/pages\/22\/\" method=\"get\">\n\t\t\t\t\t<select name=\"wpfc_preacher\"\n\t\t\t\t\t\t\ttitle=\"Redner\"\n\t\t\t\t\t\t\tid=\"wpfc_preacher\"\n\t\t\t\t\t\t\tonchange=\"if(this.options[this.selectedIndex].value !== ''){return this.form.submit()}else{window.location = window.location.href.split('?')[0];}\"\n\t\t\t\t\t\t\tautocomplete=\"off\"\n\t\t\t\t\t\t>\n\t\t\t\t\t\t<option value=\"\">Redner<\/option>\n\t\t\t\t\t\t<option value=\"max-muster\" >Max Muster<\/option>\t\t\t\t\t<\/select>\n\t\t\t\t\t\t\t\t\t\t\t\t\t\t\t\t\t\t\t\t\t\t\t\t\t<noscript>\n\t\t\t\t\t\t<div><input type=\"submit\" value=\"Submit\"\/><\/div>\n\t\t\t\t\t<\/noscript>\n\t\t\t\t<\/form>\n\t\t\t<\/div>\n\t\t\t\t\t\t\t\t\t\t\t\t\t\t\t\t\t\t\t\t\t\t\t\t\t\t\t\t<\/div>\n\t\t\t\t<\/div>\n\t\t\t\t","sermons_blog_filters_books":"\t\t\t\t<div class=\"sm-filtering\">\n\t\t\t\t\t<div id=\"wpfc_sermon_sorting\" class=\"no-spacing\">\n\t\t\t\t\t\t\t\t\t\t\t\t\t\t\t\t\t\t\n\t\t\t\t\t<div class=\"sortBooks\" style=\"display: inline-block\">\n\t\t\t\t<form action=\"https:\/\/vivakirche-meilen.creators-bundle.cloud\/ru\/wp-json\/wp\/v2\/pages\/22\/\" method=\"get\">\n\t\t\t\t\t<select name=\"wpfc_bible_book\"\n\t\t\t\t\t\t\ttitle=\"Book\"\n\t\t\t\t\t\t\tid=\"wpfc_bible_book\"\n\t\t\t\t\t\t\tonchange=\"if(this.options[this.selectedIndex].value !== ''){return this.form.submit()}else{window.location = window.location.href.split('?')[0];}\"\n\t\t\t\t\t\t\tautocomplete=\"off\"\n\t\t\t\t\t\t>\n\t\t\t\t\t\t<option value=\"\">Book<\/option>\n\t\t\t\t\t\t<option value=\"jesaja\" >Jesaja<\/option>\t\t\t\t\t<\/select>\n\t\t\t\t\t\t\t\t\t\t\t\t\t\t\t\t\t\t\t\t\t\t\t\t\t<noscript>\n\t\t\t\t\t\t<div><input type=\"submit\" value=\"Submit\"\/><\/div>\n\t\t\t\t\t<\/noscript>\n\t\t\t\t<\/form>\n\t\t\t<\/div>\n\t\t\t\t\t\t\t\t\t\t\t\t\t<\/div>\n\t\t\t\t<\/div>\n\t\t\t\t","sermons_blog_filters_service_types":"\t\t\t\t<div class=\"sm-filtering\">\n\t\t\t\t\t<div id=\"wpfc_sermon_sorting\" class=\"no-spacing\">\n\t\t\t\t\t\t\t\t\t\t\t\t\t\t\t\t\t\t\t\t\t\t\t\n\t\t\t\t\t<div class=\"sortServiceTypes\" style=\"display: inline-block\">\n\t\t\t\t<form action=\"https:\/\/vivakirche-meilen.creators-bundle.cloud\/ru\/wp-json\/wp\/v2\/pages\/22\/\" method=\"get\">\n\t\t\t\t\t<select name=\"wpfc_service_type\"\n\t\t\t\t\t\t\ttitle=\"Dienstart\"\n\t\t\t\t\t\t\tid=\"wpfc_service_type\"\n\t\t\t\t\t\t\tonchange=\"if(this.options[this.selectedIndex].value !== ''){return this.form.submit()}else{window.location = window.location.href.split('?')[0];}\"\n\t\t\t\t\t\t\tautocomplete=\"off\"\n\t\t\t\t\t\t>\n\t\t\t\t\t\t<option value=\"\">Dienstart<\/option>\n\t\t\t\t\t\t<option value=\"gottesdienst\" >Gottesdienst<\/option>\t\t\t\t\t<\/select>\n\t\t\t\t\t\t\t\t\t\t\t\t\t\t\t\t\t\t\t\t\t\t\t\t\t<noscript>\n\t\t\t\t\t\t<div><input type=\"submit\" value=\"Submit\"\/><\/div>\n\t\t\t\t\t<\/noscript>\n\t\t\t\t<\/form>\n\t\t\t<\/div>\n\t\t\t\t\t\t\t\t<\/div>\n\t\t\t\t<\/div>\n\t\t\t\t","sermons_blog_filters_dates":"\t\t\t\t<div class=\"sm-filtering\">\n\t\t\t\t\t<div id=\"wpfc_sermon_sorting\" class=\"no-spacing\">\n\t\t\t\t\t\t\t\t\t\t\t\t\t\t\t\t\t\t\t\t\t\t\t\t\t\t\t\t\n\t\t\t\t\t<div class=\"sortDates\" style=\"display: inline-block\">\n\t\t\t\t<form action=\"https:\/\/vivakirche-meilen.creators-bundle.cloud\/ru\/wp-json\/wp\/v2\/pages\/22\/\" method=\"get\">\n\t\t\t\t\t<select name=\"wpfc_dates\"\n\t\t\t\t\t\t\ttitle=\"Date\"\n\t\t\t\t\t\t\tid=\"wpfc_dates\"\n\t\t\t\t\t\t\tonchange=\"if(this.options[this.selectedIndex].value !== ''){return this.form.submit()}else{window.location = window.location.href.split('?')[0];}\"\n\t\t\t\t\t\t\tautocomplete=\"off\"\n\t\t\t\t\t\t>\n\t\t\t\t\t\t<option value=\"\">Date<\/option>\n\t\t\t\t\t\t<option value=\"03-2024\" >Mar 2024<\/option><option value=\"02-2024\" >Feb 2024<\/option>\t\t\t\t\t<\/select>\n\t\t\t\t\t\t\t\t\t\t\t\t\t\t\t\t\t\t\t\t\t\t\t\t\t<noscript>\n\t\t\t\t\t\t<div><input type=\"submit\" value=\"Submit\"\/><\/div>\n\t\t\t\t\t<\/noscript>\n\t\t\t\t<\/form>\n\t\t\t<\/div>\n\t\t\t<\/div>\n\t\t\t\t<\/div>\n\t\t\t\t","sermons_blog_image_url":"","sermons_blog_video":"","sermons_blog_series":false,"sermons_blog_meta_sermon_description":"","sermons_blog_show_readmore":false,"sermons_blog_audio":false,"sermons_blog_preacher_image":"","sermons_blog_preacher":false,"sermons_blog_bible_passage":null,"sermons_blog_service_type":false,"_links":{"self":[{"href":"https:\/\/vivakirche-meilen.creators-bundle.cloud\/ru\/wp-json\/wp\/v2\/pages\/22","targetHints":{"allow":["GET"]}}],"collection":[{"href":"https:\/\/vivakirche-meilen.creators-bundle.cloud\/ru\/wp-json\/wp\/v2\/pages"}],"about":[{"href":"https:\/\/vivakirche-meilen.creators-bundle.cloud\/ru\/wp-json\/wp\/v2\/types\/page"}],"author":[{"embeddable":true,"href":"https:\/\/vivakirche-meilen.creators-bundle.cloud\/ru\/wp-json\/wp\/v2\/users\/1"}],"replies":[{"embeddable":true,"href":"https:\/\/vivakirche-meilen.creators-bundle.cloud\/ru\/wp-json\/wp\/v2\/comments?post=22"}],"version-history":[{"count":0,"href":"https:\/\/vivakirche-meilen.creators-bundle.cloud\/ru\/wp-json\/wp\/v2\/pages\/22\/revisions"}],"wp:attachment":[{"href":"https:\/\/vivakirche-meilen.creators-bundle.cloud\/ru\/wp-json\/wp\/v2\/media?parent=22"}],"curies":[{"name":"wp","href":"https:\/\/api.w.org\/{rel}","templated":true}]}}